{"id":7,"date":"2026-02-06T23:49:04","date_gmt":"2026-02-06T23:49:04","guid":{"rendered":"http:\/\/gerde-en-commun.fr\/?page_id=7"},"modified":"2026-03-16T12:06:55","modified_gmt":"2026-03-16T12:06:55","slug":"7-2","status":"publish","type":"page","link":"https:\/\/gerde-en-commun.fr\/","title":{"rendered":"Accueil"},"content":{"rendered":"<p>[et_pb_section fb_built=\u00a0\u00bb1&Prime; _builder_version=\u00a0\u00bb4.27.4&Prime; _module_preset=\u00a0\u00bbdefault\u00a0\u00bb background_image=\u00a0\u00bbhttp:\/\/gerde-en-commun.fr\/wp-content\/uploads\/2026\/02\/gerde-en-commun-1.jpg\u00a0\u00bb global_colors_info=\u00a0\u00bb{}\u00a0\u00bb][et_pb_row _builder_version=\u00a0\u00bb4.27.4&Prime; _module_preset=\u00a0\u00bbdefault\u00a0\u00bb global_colors_info=\u00a0\u00bb{}\u00a0\u00bb][et_pb_column type=\u00a0\u00bb4_4&Prime; _builder_version=\u00a0\u00bb4.27.4&Prime; _module_preset=\u00a0\u00bbdefault\u00a0\u00bb global_colors_info=\u00a0\u00bb{}\u00a0\u00bb][et_pb_divider show_divider=\u00a0\u00bboff\u00a0\u00bb _builder_version=\u00a0\u00bb4.27.4&Prime; _module_preset=\u00a0\u00bbdefault\u00a0\u00bb custom_margin=\u00a0\u00bb16em||||false|false\u00a0\u00bb global_colors_info=\u00a0\u00bb{}\u00a0\u00bb][\/et_pb_divider][et_pb_image src=\u00a0\u00bbhttp:\/\/gerde-en-commun.fr\/wp-content\/uploads\/2026\/02\/logo-gerde-en-commun-1.png\u00a0\u00bb title_text=\u00a0\u00bblogo-gerde-en-commun\u00a0\u00bb align=\u00a0\u00bbcenter\u00a0\u00bb _builder_version=\u00a0\u00bb4.27.4&Prime; _module_preset=\u00a0\u00bbdefault\u00a0\u00bb global_colors_info=\u00a0\u00bb{}\u00a0\u00bb][\/et_pb_image][et_pb_text _builder_version=\u00a0\u00bb4.27.4&Prime; _module_preset=\u00a0\u00bbdefault\u00a0\u00bb header_3_font=\u00a0\u00bb|700|on||||||\u00a0\u00bb header_3_text_color=\u00a0\u00bb#FFFFFF\u00a0\u00bb header_3_font_size=\u00a0\u00bb62px\u00a0\u00bb global_colors_info=\u00a0\u00bb{}\u00a0\u00bb]<\/p>\n<h3 style=\"text-align: center;\">Chantal Bat<\/h3>\n<p>[\/et_pb_text][et_pb_text _builder_version=\u00a0\u00bb4.27.4&Prime; _module_preset=\u00a0\u00bbdefault\u00a0\u00bb header_2_text_align=\u00a0\u00bbcenter\u00a0\u00bb header_2_text_color=\u00a0\u00bb#FFFFFF\u00a0\u00bb custom_margin=\u00a0\u00bb-31px||||false|false\u00a0\u00bb header_2_text_shadow_style=\u00a0\u00bbpreset1&Prime; global_colors_info=\u00a0\u00bb{}\u00a0\u00bb]<\/p>\n<h2>\u00c9lections municipales du 15 et 22 mars 2026<\/h2>\n<p>[\/et_pb_text][\/et_pb_column][\/et_pb_row][\/et_pb_section][et_pb_section fb_built=\u00a0\u00bb1&Prime; _builder_version=\u00a0\u00bb4.27.4&Prime; _module_preset=\u00a0\u00bbdefault\u00a0\u00bb hover_enabled=\u00a0\u00bb0&Prime; global_colors_info=\u00a0\u00bb{}\u00a0\u00bb background_color=\u00a0\u00bb#f6ffd6&Prime; sticky_enabled=\u00a0\u00bb0&Prime;][et_pb_row column_structure=\u00a0\u00bb1_2,1_2&Prime; _builder_version=\u00a0\u00bb4.27.4&Prime; _module_preset=\u00a0\u00bbdefault\u00a0\u00bb global_colors_info=\u00a0\u00bb{}\u00a0\u00bb][et_pb_column type=\u00a0\u00bb1_2&Prime; _builder_version=\u00a0\u00bb4.27.4&Prime; _module_preset=\u00a0\u00bbdefault\u00a0\u00bb global_colors_info=\u00a0\u00bb{}\u00a0\u00bb][et_pb_image src=\u00a0\u00bbhttp:\/\/gerde-en-commun.fr\/wp-content\/uploads\/2026\/03\/WhatsApp-Image-2026-03-15-at-22.21.21.jpeg\u00a0\u00bb _builder_version=\u00a0\u00bb4.27.4&Prime; _module_preset=\u00a0\u00bbdefault\u00a0\u00bb title_text=\u00a0\u00bbWhatsApp Image 2026-03-15 at 22.21.21&Prime; hover_enabled=\u00a0\u00bb0&Prime; sticky_enabled=\u00a0\u00bb0&Prime;][\/et_pb_image][\/et_pb_column][et_pb_column type=\u00a0\u00bb1_2&Prime; _builder_version=\u00a0\u00bb4.27.4&Prime; _module_preset=\u00a0\u00bbdefault\u00a0\u00bb global_colors_info=\u00a0\u00bb{}\u00a0\u00bb][et_pb_text _builder_version=\u00a0\u00bb4.27.4&Prime; _module_preset=\u00a0\u00bbdefault\u00a0\u00bb hover_enabled=\u00a0\u00bb0&Prime; sticky_enabled=\u00a0\u00bb0&Prime;]<\/p>\n<h1>46% !<\/h1>\n<p>[\/et_pb_text][et_pb_text _builder_version=\u00a0\u00bb4.27.4&Prime; _module_preset=\u00a0\u00bbdefault\u00a0\u00bb hover_enabled=\u00a0\u00bb0&Prime; global_colors_info=\u00a0\u00bb{}\u00a0\u00bb sticky_enabled=\u00a0\u00bb0&Prime; header_4_line_height=\u00a0\u00bb1.3em\u00a0\u00bb]<\/p>\n<h4>Merci infiniment \u00e0 tous pour votre soutien precieux. 57 voix c\u2019est 30 personnes que nous n\u2019avons pas pu convaincre\u00a0de changer de cap vers un village plus vivant. Nous restons mobilis\u00e9s au travers des 3 repr\u00e9sentants de l\u2019opposition des le prochain Conseil. Au plaisir de vous croiser dans le monde associatif \u00e9galement. Nous avons appr\u00e9ci\u00e9 votre soutien et votre confiance pour porter ce programme commun.<\/h4>\n<p>[\/et_pb_text][\/et_pb_column][\/et_pb_row][\/et_pb_section][et_pb_section fb_built=\u00a0\u00bb1&Prime; _builder_version=\u00a0\u00bb4.27.4&Prime; _module_preset=\u00a0\u00bbdefault\u00a0\u00bb global_colors_info=\u00a0\u00bb{}\u00a0\u00bb][et_pb_row column_structure=\u00a0\u00bb1_2,1_2&Prime; _builder_version=\u00a0\u00bb4.27.4&Prime; _module_preset=\u00a0\u00bbdefault\u00a0\u00bb global_colors_info=\u00a0\u00bb{}\u00a0\u00bb][et_pb_column type=\u00a0\u00bb1_2&Prime; _builder_version=\u00a0\u00bb4.27.4&Prime; _module_preset=\u00a0\u00bbdefault\u00a0\u00bb global_colors_info=\u00a0\u00bb{}\u00a0\u00bb][et_pb_cta title=\u00a0\u00bbNe ratez pas\u00a0\u00bb button_text=\u00a0\u00bbClics\u00a0\u00bb _builder_version=\u00a0\u00bb4.27.4&Prime; _module_preset=\u00a0\u00bbdefault\u00a0\u00bb global_colors_info=\u00a0\u00bb{}\u00a0\u00bb]<\/p>\n<p>La R\u00e9union Publique qui aura lieu le jeudi 12 mars au Carr\u00e9 Py&rsquo; Hotel \u00e0 18h30. Venez rencontrer la liste des candidats de Gerde en Commun et parler du programme<\/p>\n<p>[\/et_pb_cta][et_pb_cta title=\u00a0\u00bbProcuration\u00a0\u00bb button_text=\u00a0\u00bbClics\u00a0\u00bb _builder_version=\u00a0\u00bb4.27.4&Prime; _module_preset=\u00a0\u00bbdefault\u00a0\u00bb global_colors_info=\u00a0\u00bb{}\u00a0\u00bb]<\/p>\n<p>Si vous avez besoin d&rsquo;une personne pour votre procuration pour voter le 15 mars, adressez vous rapidement \u00e0 gerde2026@ik.me<\/p>\n<p>[\/et_pb_cta][\/et_pb_column][et_pb_column type=\u00a0\u00bb1_2&Prime; _builder_version=\u00a0\u00bb4.27.4&Prime; _module_preset=\u00a0\u00bbdefault\u00a0\u00bb global_colors_info=\u00a0\u00bb{}\u00a0\u00bb][et_pb_text _builder_version=\u00a0\u00bb4.27.4&Prime; _module_preset=\u00a0\u00bbdefault\u00a0\u00bb global_colors_info=\u00a0\u00bb{}\u00a0\u00bb]<\/p>\n<h2>Ce que la ville pourrait devenir<\/h2>\n<p>[\/et_pb_text][et_pb_text _builder_version=\u00a0\u00bb4.27.4&Prime; _module_preset=\u00a0\u00bbdefault\u00a0\u00bb global_colors_info=\u00a0\u00bb{}\u00a0\u00bb]<\/p>\n<p style=\"text-align: left;\">Nous souhaitons avoir une ville, vivante, o\u00f9 il fait bon vivre.<\/p>\n<p style=\"text-align: left;\">Aujourd\u2019hui, la communication de la ville aupr\u00e8s des citoyens est r\u00e9duite au strict minimum. Nous souhaitons lui redonner toute sa place pour valoriser ce qui nous lie, ce que nous avons en commun. Nous souhaitons favoriser la participation citoyenne, aider les habitants \u00e0 faire \u00e9merger leurs projets, communiquer sur les actions des associations pour qu\u2019elles soient encore plus attractives, rendre transparentes les actions de la commune.<\/p>\n<p style=\"text-align: left;\">Nous souhaitons que cette ville que nous avons en commun, soit ouverte, \u00e0 l\u2019\u00e9coute, et que les habitants partagent un cadre de vie convivial. Nous ne souhaitons pas r\u00e9volutionner la ville mais la rendre vivante.<\/p>\n<p style=\"text-align: left;\">Nous avons une chance inouie de b\u00e9n\u00e9ficier d\u2019un cadre de vie exceptionnel, de nous balader vers les autres communes avec une vue imprenable sur la chaine des montagnes. Pr\u00e9servons ce cadre de vie, ajoutons des couleurs, des fleurs, du beau, pour continuer \u00e0 \u00eatre heureux ensemble.<\/p>\n<p style=\"text-align: left;\">Nous devons prendre soin de nos a\u00een\u00e9s et favoriser leur qualit\u00e9 de vie au sein du village. Les jeunes se tournent vers Bagn\u00e8res,recr\u00e9eons du lien, du vivre ensemble pour leur ouvrir les portes.<\/p>\n<p style=\"text-align: left;\">Nous avons des ressources et un patrimoine en commun et nous devons en prendre soin, nous prot\u00e9ger et les prot\u00e9ger.<br \/>\u00a0<span class=\"Apple-converted-space\">\u00a0<\/span><\/p>\n<p style=\"text-align: left;\">Imaginer l\u2019avenir de Gerde, c\u2019est le faire avec ses habitants.<\/p>\n<p>[\/et_pb_text][\/et_pb_column][\/et_pb_row][et_pb_row _builder_version=\u00a0\u00bb4.27.4&Prime; _module_preset=\u00a0\u00bbdefault\u00a0\u00bb global_colors_info=\u00a0\u00bb{}\u00a0\u00bb][et_pb_column type=\u00a0\u00bb4_4&Prime; _builder_version=\u00a0\u00bb4.27.4&Prime; _module_preset=\u00a0\u00bbdefault\u00a0\u00bb global_colors_info=\u00a0\u00bb{}\u00a0\u00bb][et_pb_divider _builder_version=\u00a0\u00bb4.27.4&Prime; _module_preset=\u00a0\u00bbdefault\u00a0\u00bb global_colors_info=\u00a0\u00bb{}\u00a0\u00bb][\/et_pb_divider][et_pb_text _builder_version=\u00a0\u00bb4.27.4&Prime; _module_preset=\u00a0\u00bbdefault\u00a0\u00bb global_colors_info=\u00a0\u00bb{}\u00a0\u00bb]<\/p>\n<h2 style=\"text-align: center;\">Le programme<\/h2>\n<p style=\"text-align: center;\">Notre programme est le fruit d\u2019\u00e9changes, d\u2019observations du terrain et d\u2019\u00e9coute. Nous avons rencontr\u00e9 les parents d\u00e9l\u00e9gu\u00e9s et nous avons propos\u00e9 aux associations d\u2019entendre leurs besoins. Nous le faisons \u00e9galement \u00e9voluer lors de nos diff\u00e9rentes rencontres.<\/p>\n<p style=\"text-align: center;\">Un programme rassemble des id\u00e9es. Ce sont les actes qui font la diff\u00e9rence.<br \/>Il suffit, pour s\u2019en convaincre, de confronter les engagements affich\u00e9s lors du pr\u00e9c\u00e9dent mandat \u00e0 la r\u00e9alit\u00e9 des d\u00e9cisions prises et de leur mise en \u0153uvre.<\/p>\n<p style=\"text-align: center;\">Le bilan de la municipalit\u00e9 sortante peut aujourd\u2019hui \u00eatre \u00e9valu\u00e9 avec recul. Si ses intentions \u00e9taient lisibles sur le papier, le mandat a r\u00e9v\u00e9l\u00e9 au fil du temps des pratiques marqu\u00e9es par un manque de communication, d\u2019ouverture et de dialogue avec les acteurs locaux.<\/p>\n<p style=\"text-align: center;\">Plus r\u00e9cemment, certaines d\u00e9cisions ont m\u00eame \u00e9t\u00e9 sanctionn\u00e9es par la justice en 2025, notamment au titre du r\u00e9f\u00e9r\u00e9 libert\u00e9, soulignant des choix jug\u00e9s arbitraires dans la disponibilit\u00e9 des salles municipales.<\/p>\n<p>[\/et_pb_text][et_pb_button button_url=\u00a0\u00bbhttps:\/\/gerde-en-commun.fr\/index.php\/73-2\/\u00a0\u00bb button_text=\u00a0\u00bbvoir notre programme\u00a0\u00bb button_alignment=\u00a0\u00bbcenter\u00a0\u00bb _builder_version=\u00a0\u00bb4.27.4&Prime; _module_preset=\u00a0\u00bbdefault\u00a0\u00bb custom_button=\u00a0\u00bbon\u00a0\u00bb button_text_color=\u00a0\u00bb#E02B20&Prime; global_colors_info=\u00a0\u00bb{}\u00a0\u00bb][\/et_pb_button][et_pb_divider _builder_version=\u00a0\u00bb4.27.4&Prime; _module_preset=\u00a0\u00bbdefault\u00a0\u00bb global_colors_info=\u00a0\u00bb{}\u00a0\u00bb][\/et_pb_divider][et_pb_text _builder_version=\u00a0\u00bb4.27.4&Prime; _module_preset=\u00a0\u00bbdefault\u00a0\u00bb global_colors_info=\u00a0\u00bb{}\u00a0\u00bb]<\/p>\n<h2 style=\"text-align: center;\">Les engagements de notre \u00e9quipe<\/h2>\n<p>[\/et_pb_text][\/et_pb_column][\/et_pb_row][et_pb_row column_structure=\u00a0\u00bb1_2,1_2&Prime; _builder_version=\u00a0\u00bb4.27.4&Prime; _module_preset=\u00a0\u00bbdefault\u00a0\u00bb global_colors_info=\u00a0\u00bb{}\u00a0\u00bb][et_pb_column type=\u00a0\u00bb1_2&Prime; _builder_version=\u00a0\u00bb4.27.4&Prime; _module_preset=\u00a0\u00bbdefault\u00a0\u00bb global_colors_info=\u00a0\u00bb{}\u00a0\u00bb][et_pb_text _builder_version=\u00a0\u00bb4.27.4&Prime; _module_preset=\u00a0\u00bbdefault\u00a0\u00bb global_colors_info=\u00a0\u00bb{}\u00a0\u00bb]<\/p>\n<p><strong>Nous nous engageons \u00e0 :<\/strong><\/p>\n<ul>\n<li>Etre disponible\u00a0: les \u00e9lus sont \u00e0 l\u2019\u00e9coute de toutes et tous, pour chaque demande, une r\u00e9ponse motiv\u00e9e est adress\u00e9e dans un d\u00e9lai raisonnable.<\/li>\n<li>Etre transparent : la mairie informe par tous moyens adapt\u00e9s \u00e0 chacun de la gestion communale et intercommunale, de ses projets et de ses d\u00e9cisions.<\/li>\n<li>Respecter la charte \u00e9thique disponible en mairie.<\/li>\n<li>\n<p>Mettre en place des consultations et rencontres citoyennes pour organiser des \u00e9changes sur les diff\u00e9rents projets communaux.<\/p>\n<\/li>\n<li>Retrouver une pr\u00e9sence active au sein de la Communaut\u00e9 de Commune de la Haute Bigorre CCHB<\/li>\n<\/ul>\n<p>[\/et_pb_text][\/et_pb_column][et_pb_column type=\u00a0\u00bb1_2&Prime; _builder_version=\u00a0\u00bb4.27.4&Prime; _module_preset=\u00a0\u00bbdefault\u00a0\u00bb global_colors_info=\u00a0\u00bb{}\u00a0\u00bb][et_pb_text _builder_version=\u00a0\u00bb4.27.4&Prime; _module_preset=\u00a0\u00bbdefault\u00a0\u00bb global_colors_info=\u00a0\u00bb{}\u00a0\u00bb]<\/p>\n<ul>\n<li>Soutenir l\u2019\u00e9cole en cr\u00e9ant un dialogue entre tous les acteurs.<\/li>\n<li>Etre solidaire et attentifs aux besoins des Gerdois.<\/li>\n<li>Donner la parole aux associations.<\/li>\n<li>Rendre le centre bourg plus accueillant.<\/li>\n<li>Prendre soin de tous les quartiers (Hameaux, Castet, Plaine)<\/li>\n<li>Prot\u00e9ger notre environnement et faire face aux changements climatiques d\u00e9j\u00e0 perceptibles.<\/li>\n<li>Faire de Gerde un lieu vivant et attractif.<\/li>\n<\/ul>\n<p>[\/et_pb_text][\/et_pb_column][\/et_pb_row][et_pb_row _builder_version=\u00a0\u00bb4.27.4&Prime; _module_preset=\u00a0\u00bbdefault\u00a0\u00bb global_colors_info=\u00a0\u00bb{}\u00a0\u00bb][et_pb_column type=\u00a0\u00bb4_4&Prime; _builder_version=\u00a0\u00bb4.27.4&Prime; _module_preset=\u00a0\u00bbdefault\u00a0\u00bb global_colors_info=\u00a0\u00bb{}\u00a0\u00bb][et_pb_button button_url=\u00a0\u00bbhttps:\/\/gerde-en-commun.fr\/index.php\/lequipe\/\u00a0\u00bb button_text=\u00a0\u00bbD\u00e9couvrir notre liste\u00a0\u00bb button_alignment=\u00a0\u00bbcenter\u00a0\u00bb _builder_version=\u00a0\u00bb4.27.4&Prime; _module_preset=\u00a0\u00bbdefault\u00a0\u00bb custom_button=\u00a0\u00bbon\u00a0\u00bb button_text_color=\u00a0\u00bb#E02B20&Prime; global_colors_info=\u00a0\u00bb{}\u00a0\u00bb][\/et_pb_button][\/et_pb_column][\/et_pb_row][\/et_pb_section]<\/p>\n","protected":false},"excerpt":{"rendered":"<p>Chantal Bat\u00c9lections municipales du 15 et 22 mars 202646% !Merci infiniment \u00e0 tous pour votre soutien precieux. 57 voix c\u2019est 30 personnes que nous n\u2019avons pas pu convaincre\u00a0de changer de cap vers un village plus vivant. Nous restons mobilis\u00e9s au travers des 3 repr\u00e9sentants de l\u2019opposition des le prochain Conseil. Au plaisir de vous croiser [&hellip;]<\/p>\n","protected":false},"author":1,"featured_media":0,"parent":0,"menu_order":0,"comment_status":"closed","ping_status":"closed","template":"","meta":{"_et_pb_use_builder":"on","_et_pb_old_content":"","_et_gb_content_width":"","footnotes":""},"class_list":["post-7","page","type-page","status-publish","hentry"],"_links":{"self":[{"href":"https:\/\/gerde-en-commun.fr\/index.php\/wp-json\/wp\/v2\/pages\/7","targetHints":{"allow":["GET"]}}],"collection":[{"href":"https:\/\/gerde-en-commun.fr\/index.php\/wp-json\/wp\/v2\/pages"}],"about":[{"href":"https:\/\/gerde-en-commun.fr\/index.php\/wp-json\/wp\/v2\/types\/page"}],"author":[{"embeddable":true,"href":"https:\/\/gerde-en-commun.fr\/index.php\/wp-json\/wp\/v2\/users\/1"}],"replies":[{"embeddable":true,"href":"https:\/\/gerde-en-commun.fr\/index.php\/wp-json\/wp\/v2\/comments?post=7"}],"version-history":[{"count":15,"href":"https:\/\/gerde-en-commun.fr\/index.php\/wp-json\/wp\/v2\/pages\/7\/revisions"}],"predecessor-version":[{"id":173,"href":"https:\/\/gerde-en-commun.fr\/index.php\/wp-json\/wp\/v2\/pages\/7\/revisions\/173"}],"wp:attachment":[{"href":"https:\/\/gerde-en-commun.fr\/index.php\/wp-json\/wp\/v2\/media?parent=7"}],"curies":[{"name":"wp","href":"https:\/\/api.w.org\/{rel}","templated":true}]}}